{"id":1597,"date":"2024-02-27T19:57:10","date_gmt":"2024-02-27T16:57:10","guid":{"rendered":"https:\/\/ptechparts.com\/?page_id=1597"},"modified":"2024-02-27T20:03:33","modified_gmt":"2024-02-27T17:03:33","slug":"contact","status":"publish","type":"page","link":"https:\/\/ptechparts.com\/index.php\/contact\/","title":{"rendered":"Contact"},"content":{"rendered":"\t\t<div data-elementor-type=\"wp-page\" data-elementor-id=\"1597\" class=\"elementor elementor-1597\">\n\t\t\t\t<div class=\"elementor-element elementor-element-1f2893e e-flex e-con-boxed e-con e-parent\" data-id=\"1f2893e\" data-element_type=\"container\" data-settings=\"{&quot;content_width&quot;:&quot;boxed&quot;}\" data-core-v316-plus=\"true\">\n\t\t\t\t\t<div class=\"e-con-inner\">\n\t\t<div class=\"elementor-element elementor-element-bfa1f94 e-con-full e-flex e-con e-child\" data-id=\"bfa1f94\" data-element_type=\"container\" data-settings=\"{&quot;content_width&quot;:&quot;full&quot;}\">\n\t\t\t\t<div class=\"elementor-element elementor-element-78259fd elementor-widget elementor-widget-porto_google_map\" data-id=\"78259fd\" data-element_type=\"widget\" data-widget_type=\"porto_google_map.default\">\n\t\t\t\t<div class=\"elementor-widget-container\">\n\t\t\t<div id='wrap_map_69dc5e132aebe' class='porto-map-wrapper  ' style='height:300px;'><div id='map_69dc5e132aebe' data-map_override='0' class='porto_google_map page_margin_top' style='width:100%;height:300px;'><\/div><\/div><script>\r\n( function() {\r\n\tvar porto_init_map = function() {\r\n\t\t( function( $ ) {\r\n\t\t\t'use strict';\r\n\t\t\tif (typeof google == 'undefined') {\r\n\t\t\t\treturn;\r\n\t\t\t}\r\n\t\t\tvar map_map_69dc5e132aebe = null;\r\n\t\t\tvar coordinate_map_69dc5e132aebe;\r\n\t\t\ttry {\r\n\t\t\t\tcoordinate_map_69dc5e132aebe=new google.maps.LatLng(41.09464348958113, 28.806385927008083);\r\n\t\t\t\tvar isDraggable = $(document).width() > 640 ? true : false;\r\n\t\t\t\tvar mapOptions = {\r\n\t\t\t\t\tzoom: 12,\r\n\t\t\t\t\tcenter: coordinate_map_69dc5e132aebe,\r\n\t\t\t\t\tscaleControl: true,\r\n\t\t\t\t\tstreetViewControl: false,\r\n\t\t\t\t\tmapTypeControl: false,\r\n\t\t\t\t\tpanControl: false,\r\n\t\t\t\t\tzoomControl: false,\r\n\t\t\t\t\tscrollwheel: true,\r\n\t\t\t\t\tdraggable: isDraggable,\r\n\t\t\t\t\tzoomControlOptions: {\r\n\t\t\t\t\t\tposition: google.maps.ControlPosition.RIGHT_BOTTOM\r\n\t\t\t\t\t},mapTypeId: google.maps.MapTypeId.ROADMAP,};var map_map_69dc5e132aebe = new google.maps.Map(document.getElementById('map_69dc5e132aebe'),mapOptions);\r\n\t\t\t\t\t\tvar x = 'on';\r\n\t\t\t\t\t\tvar marker_map_69dc5e132aebe = new google.maps.Marker({\r\n\t\t\t\t\t\tposition: new google.maps.LatLng(41.09464348958113, 28.806385927008083),\r\n\t\t\t\t\t\tanimation:  google.maps.Animation.DROP,\r\n\t\t\t\t\t\tmap: map_map_69dc5e132aebe,\r\n\t\t\t\t\t\ticon: ''\r\n\t\t\t\t\t});\r\n\t\t\t\t\tgoogle.maps.event.addListener(marker_map_69dc5e132aebe, 'click', toggleBounce);}\r\n\t\t\tcatch(e){};\r\n\t\t\tgoogle.maps.event.trigger(map_map_69dc5e132aebe, 'resize');\r\n\t\t\t$(window).on('resize', function(){\r\n\t\t\t\tgoogle.maps.event.trigger(map_map_69dc5e132aebe, 'resize');\r\n\t\t\t\tif(map_map_69dc5e132aebe!=null) {\r\n\t\t\t\t\tmap_map_69dc5e132aebe.setCenter(coordinate_map_69dc5e132aebe);\r\n\t\t\t\t}\r\n\t\t\t});\r\n\t\t\t$('.ui-tabs').on('tabsactivate', function(event, ui) {\r\n\t\t\t   if($(this).find('.porto-map-wrapper').length > 0)\r\n\t\t\t\t{\r\n\t\t\t\t\tsetTimeout(function(){\r\n\t\t\t\t\t\t$(window).trigger('resize');\r\n\t\t\t\t\t},200);\r\n\t\t\t\t}\r\n\t\t\t});\r\n\t\t\t$('.ui-accordion').on('accordionactivate', function(event, ui) {\r\n\t\t\t\tif($(this).find('.porto-map-wrapper').length > 0) {\r\n\t\t\t\t\tsetTimeout(function(){\r\n\t\t\t\t\t\t$(window).trigger('resize');\r\n\t\t\t\t\t},200);\r\n\t\t\t\t}\r\n\t\t\t});\r\n\t\t\t$(document).on('onPortoModalPopupOpen', function(){\r\n\t\t\t\tif($(map_map_69dc5e132aebe).parents('.porto_modal-content')) {\r\n\t\t\t\t\tsetTimeout(function(){\r\n\t\t\t\t\t\t$(window).trigger('resize');\r\n\t\t\t\t\t},200);\r\n\t\t\t\t}\r\n\t\t\t});\r\n\t\t\tfunction toggleBounce() {\r\n\t\t\t\tif (marker_map_69dc5e132aebe.getAnimation() != null) {\r\n\t\t\t\t\tmarker_map_69dc5e132aebe.setAnimation(null);\r\n\t\t\t\t} else {\r\n\t\t\t\t\tmarker_map_69dc5e132aebe.setAnimation(google.maps.Animation.BOUNCE);\r\n\t\t\t\t}\r\n\t\t\t}\r\n\t\t} )( window.jQuery );\r\n\t};\r\n\r\n\tif ( window.jQuery ) {\r\n\t\tjQuery( document ).ready(function() {\r\n\t\t\tporto_init_map();\r\n\t\t} );\r\n\t} else {\r\n\t\tdocument.addEventListener( 'DOMContentLoaded', porto_init_map );\r\n\t}\r\n\r\n\twindow.addEventListener( 'load', function() {\r\n\t\tsetTimeout( function() {\r\n\t\t\tjQuery( window ).trigger( 'resize' );\r\n\t\t}, 200 );\r\n\t} );\r\n} )();\r\n<\/script>\t\t<\/div>\n\t\t\t\t<\/div>\n\t\t\t\t<\/div>\n\t\t<div class=\"elementor-element elementor-element-93e9ab4 e-con-full e-flex e-con e-child\" data-id=\"93e9ab4\" data-element_type=\"container\" data-settings=\"{&quot;content_width&quot;:&quot;full&quot;}\">\n\t\t\t\t<div class=\"elementor-element elementor-element-17cddb4 elementor-widget elementor-widget-sidebar\" data-id=\"17cddb4\" data-element_type=\"widget\" data-widget_type=\"sidebar.default\">\n\t\t\t\t<div class=\"elementor-widget-container\">\n\t\t\t<aside id=\"contact-info-widget-2\" class=\"widget contact-info\"><h3 class=\"widget-title\">Contact Us<\/h3>\t\t<div class=\"contact-info\">\r\n\t\t\t\t\t\t<ul class=\"contact-details list list-icons\">\r\n\t\t\t\t\t\t\t\t\t<li><i class=\"far fa-dot-circle\"><\/i> <strong>Address:<\/strong> <span>Ba\u015fak Mah. Ertu\u011frul Gazi Cad. Kavac\u0131k C23 Blok No:24 F \u0130\u00e7 Kap\u0131 No: 30 Ba\u015fak\u015fehir, \u0130stanbul \/ Turkey<\/span><\/li>\t\t\t\t\t\t\t\t\t<li><i class=\"fab fa-whatsapp\"><\/i> <strong>Phone:<\/strong> <span>+90 534 363 61 00<\/span><\/li>\t\t\t\t\t\t\t\t\t<li><i class=\"far fa-envelope\"><\/i> <strong>Email:<\/strong> <span><a href=\"mailto:emir.polat@ptechparts.com\">emir.polat@ptechparts.com<\/a><\/span><\/li>\t\t\t\t\t\t\t\t\t<li><i class=\"far fa-clock\"><\/i> <strong>Working Days\/Hours:<\/strong> <span>Mon - Sun \/ 9:00 AM - 8:00 PM<\/span><\/li>\t\t\t<\/ul>\r\n\t\t\t\t\t<\/div>\r\n\r\n\t\t<\/aside>\t\t<\/div>\n\t\t\t\t<\/div>\n\t\t\t\t<\/div>\n\t\t\t\t\t<\/div>\n\t\t\t\t<\/div>\n\t\t\t\t<\/div>\n\t\t","protected":false},"excerpt":{"rendered":"","protected":false},"author":1,"featured_media":0,"parent":0,"menu_order":0,"comment_status":"closed","ping_status":"closed","template":"","meta":{"content-type":"","footnotes":""},"class_list":["post-1597","page","type-page","status-publish","hentry"],"_links":{"self":[{"href":"https:\/\/ptechparts.com\/index.php\/wp-json\/wp\/v2\/pages\/1597","targetHints":{"allow":["GET"]}}],"collection":[{"href":"https:\/\/ptechparts.com\/index.php\/wp-json\/wp\/v2\/pages"}],"about":[{"href":"https:\/\/ptechparts.com\/index.php\/wp-json\/wp\/v2\/types\/page"}],"author":[{"embeddable":true,"href":"https:\/\/ptechparts.com\/index.php\/wp-json\/wp\/v2\/users\/1"}],"replies":[{"embeddable":true,"href":"https:\/\/ptechparts.com\/index.php\/wp-json\/wp\/v2\/comments?post=1597"}],"version-history":[{"count":6,"href":"https:\/\/ptechparts.com\/index.php\/wp-json\/wp\/v2\/pages\/1597\/revisions"}],"predecessor-version":[{"id":1604,"href":"https:\/\/ptechparts.com\/index.php\/wp-json\/wp\/v2\/pages\/1597\/revisions\/1604"}],"wp:attachment":[{"href":"https:\/\/ptechparts.com\/index.php\/wp-json\/wp\/v2\/media?parent=1597"}],"curies":[{"name":"wp","href":"https:\/\/api.w.org\/{rel}","templated":true}]}}